{"id":105272,"date":"2022-06-10T19:49:57","date_gmt":"2022-06-10T19:49:57","guid":{"rendered":"https:\/\/ai4ar.opi.org.pl\/home\/"},"modified":"2022-10-05T07:18:19","modified_gmt":"2022-10-05T07:18:19","slug":"home","status":"publish","type":"page","link":"https:\/\/ai4ar.opi.org.pl\/en\/","title":{"rendered":"Home"},"content":{"rendered":"\n<section class=\"radiologia-wzmacniana-ai\">\n<div class=\"content-row\">\n<div class=\"content-col\">\n<div class=\"home-header text-align-left\">\n<h1><span style=\"color: #5db2b0;\">AI-enhanced radiology<\/span> <br \/>detection, reporting <br \/>and clinical decision-making <br \/>in prostate cancer diagnosis<\/h1>\n<\/p>\n<\/div>\n<hr>\n<div class=\"\">\n<div class=\"projekt-finansowany-przez\">\n<div class=\"home-header text-align-left\">\n<p>Project funded by:<\/p>\n<\/div>\n<p> <a href=\"https:\/\/www.gov.pl\/web\/ncbr-en\" class=\"external\"><img loading=\"lazy\" decoding=\"async\" width=\"20\" height=\"275\" src=\"https:\/\/ai4ar.opi.org.pl\/wp-content\/uploads\/2022\/09\/NCBR_logo_PL_i_ENG_ncbr_en_Achrom-08.png\" class=\"attachment-full size-full\" alt=\"\" id=\"105487\" image_size=\"original\" width__sm=\"50\" width__md=\"30\" link=\"https:\/\/www.gov.pl\/web\/ncbr-en\" srcset=\"https:\/\/ai4ar.opi.org.pl\/wp-content\/uploads\/2022\/09\/NCBR_logo_PL_i_ENG_ncbr_en_Achrom-08.png 867w, https:\/\/ai4ar.opi.org.pl\/wp-content\/uploads\/2022\/09\/NCBR_logo_PL_i_ENG_ncbr_en_Achrom-08-300x95.png 300w, https:\/\/ai4ar.opi.org.pl\/wp-content\/uploads\/2022\/09\/NCBR_logo_PL_i_ENG_ncbr_en_Achrom-08-768x244.png 768w\" \/><\/a> <\/p>\n<div class=\"home-header text-align-left\">\n<p>within the framework of the INFOSTRATEG I program<\/p>\n<\/div>\n<\/div>\n<\/div>\n<\/div>\n<\/div>\n<\/section>\n\n<section class=\"\">\n<div class=\"text-align-center\">\n<h2 class=\"uppercase\"><strong>About the project<\/strong><\/h2>\n<\/div>\n<hr>\n<div class=\"content-row\">\n<div class=\"content-col content-col-7\">\n<div class=\"text-align-left\">\n<p><strong>The National Information Processing Institute (OPI) has received funding to develop an innovative platform that facilitates prostate cancer diagnosis. The cutting-edge tool will rely on artificial intelligence (AI) to assist medical experts in implementing the most optimal therapies. <\/strong><\/p>\n<p>Prostate cancer is a growing medical and social issue. The most popular diagnostic methods include medical imaging and, in particular, multi-parametric magnetic resonance imaging (mpMRI). The evaluation of mpMRI scans is a complex and multifaceted task in which the quality of reporting of lesions and communication between radiologists and clinicians play key roles in implementing suitable diagnosis and treatment plans. With staff shortages among radiologists and the long training necessary to become an experienced specialist capable of properly evaluating mpMRI results, the use of modern technologies to improve radiologists&#8217; cognitive abilities and to facilitate specialists&#8217; tasks is of utmost importance.<\/p>\n<p>The primary goal of the project is to create a system that reports prostate cancer mpMRI scans; one that is developed on the basis of integration of standardised structural reports and trained machine learning methods that analyse mpMRI scans\u2014a highly innovative concept. The results of the image analyses will be used to support radiologists in various aspects of their work. These will include automatic measurement of the size and calculation of the volume of prostate glands, creation of visual cues regarding the locations of suspicious lesions, evaluation of the clinical relevance of identified lesions on the PI-RADS scale, automatic pre-filling of fields in template reports, and searching for similar cases.<\/p>\n<p>The project&#8217;s results will be made available via an e-learning platform that will train its users how to structurally report prostate mpMRI scans according to PI-RADS using a dedicated reporting system. Educational resources will be provided by an integrated reference base of imaging data that contains an extensive set of thoroughly-described cases and full medical documentation. Both the database and the tasks related to medical aspects will be developed alongside the Lower Silesian Oncology Center in Wroclaw, Poland.<\/p>\n<\/div>\n<\/div>\n<div class=\"content-col content-col-5\">\n<p><p><video width=\"100%\" loop=\"\" autoplay=\"\" muted=\"\" src=\"https:\/\/ai4ar.opi.org.pl\/wp-content\/uploads\/2022\/07\/Nagrywaj_2022_06_30_23_04_00_63.mp4\"><\/video><\/p>\n<p> <img loading=\"lazy\" decoding=\"async\" width=\"720\" height=\"1034\" src=\"https:\/\/ai4ar.opi.org.pl\/wp-content\/uploads\/2022\/07\/4_2x.webp\" class=\"attachment-full size-full\" alt=\"\" id=\"104538\" srcset=\"https:\/\/ai4ar.opi.org.pl\/wp-content\/uploads\/2022\/07\/4_2x.webp 720w, https:\/\/ai4ar.opi.org.pl\/wp-content\/uploads\/2022\/07\/4_2x-209x300.webp 209w, https:\/\/ai4ar.opi.org.pl\/wp-content\/uploads\/2022\/07\/4_2x-713x1024.webp 713w\" \/> <\/p>\n<\/div>\n<\/div>\n<\/section>\n\n<section class=\"section-type-01\">\n<p> <img loading=\"lazy\" decoding=\"async\" width=\"20\" height=\"14\" src=\"https:\/\/ai4ar.opi.org.pl\/wp-content\/uploads\/2022\/07\/art-sekcja-right.svg\" class=\"art-sekcja-right\" alt=\"\" id=\"104591\" width__sm=\"50\" width__md=\"28\" \/> <img loading=\"lazy\" decoding=\"async\" width=\"20\" height=\"14\" src=\"https:\/\/ai4ar.opi.org.pl\/wp-content\/uploads\/2022\/07\/art-sekcja-left.svg\" class=\"art-main-left\" alt=\"\" id=\"104474\" width__sm=\"60\" width__md=\"28\" \/> <\/p>\n<hr>\n<div class=\"text-align-center\">\n<h2 class=\"uppercase\"><strong>The project in numbers<\/strong><\/h2>\n<\/div>\n<hr>\n<div class=\"content-row\">\n<div class=\"content-col content-col-4\">\n<div class=\"featured-box\">\n<p><img loading=\"lazy\" decoding=\"async\" width=\"54\" height=\"60\" src=\"https:\/\/ai4ar.opi.org.pl\/wp-content\/uploads\/2022\/07\/icon-wartosc-projektu.svg\" class=\"attachment-54x0 size-54x0\" alt=\"wartosc projektu\" \/> <\/p>\n<div class=\"text-align-center\">\n<p>project value:<\/p>\n<\/div>\n<div class=\"text-align-center\">\n<p><strong>PLN 7,347,082.50<\/strong><\/p>\n<\/div>\n<\/div>\n<\/div>\n<div class=\"content-col content-col-4\">\n<div class=\"featured-box\">\n<p><img loading=\"lazy\" decoding=\"async\" width=\"54\" height=\"45\" src=\"https:\/\/ai4ar.opi.org.pl\/wp-content\/uploads\/2022\/07\/icon-wartosc-dofinansowania.svg\" class=\"attachment-54x0 size-54x0\" alt=\"warto\u015b\u0107 dofinansowania\" \/> <\/p>\n<div class=\"text-align-center\">\n<p>funding value:<\/p>\n<\/div>\n<div class=\"text-align-center\">\n<p><strong>PLN 7,347,082.50<\/strong><\/p>\n<\/div>\n<\/div>\n<\/div>\n<div class=\"content-col content-col-4\">\n<div class=\"featured-box\">\n<p><img loading=\"lazy\" decoding=\"async\" width=\"54\" height=\"61\" src=\"https:\/\/ai4ar.opi.org.pl\/wp-content\/uploads\/2022\/07\/icon-okres-realizacji-w-latach.svg\" class=\"attachment-54x0 size-54x0\" alt=\"okres realizacji w latach\" \/> <\/p>\n<div class=\"text-align-center\">\n<p>implementation period:<\/p>\n<\/div>\n<div class=\"text-align-center\">\n<p><strong>2021-2025<\/strong><\/p>\n<\/div>\n<\/div>\n<\/div>\n<\/div>\n<hr>\n<\/section>\n\n<section class=\"\">\n<div class=\"text-align-center\">\n<h2 class=\"uppercase\"><strong>AI4AR<\/strong><\/h2>\n<\/div>\n<hr>\n<\/section>\n\n<section class=\"section-type-01\">\n<p> <img loading=\"lazy\" decoding=\"async\" width=\"20\" height=\"14\" src=\"https:\/\/ai4ar.opi.org.pl\/wp-content\/uploads\/2022\/07\/art-sekcja-left.svg\" class=\"art-main-left\" alt=\"\" id=\"104474\" width__sm=\"60\" width__md=\"28\" \/> <img loading=\"lazy\" decoding=\"async\" width=\"20\" height=\"14\" src=\"https:\/\/ai4ar.opi.org.pl\/wp-content\/uploads\/2022\/07\/art-sekcja-right.svg\" class=\"art-sekcja-right\" alt=\"\" id=\"104591\" width__sm=\"50\" width__md=\"28\" \/> <\/p>\n<hr>\n<div class=\"text-align-center\">\n<h2 class=\"uppercase\"><strong>OUR GOALS<\/strong><\/h2>\n<\/div>\n<hr>\n<div class=\"content-row\">\n<div class=\"content-col content-col-4\">\n<div class=\"featured-box\">\n<p><img loading=\"lazy\" decoding=\"async\" width=\"54\" height=\"60\" src=\"https:\/\/ai4ar.opi.org.pl\/wp-content\/uploads\/2022\/07\/icon-Zbieranie-rzetelnych-danych.svg\" class=\"attachment-54x0 size-54x0\" alt=\"Zbieranie rzetelnych danych\" \/> <\/p>\n<div class=\"text-align-center\">\n<p>Collecting reliable data<\/p>\n<\/div>\n<\/div>\n<\/div>\n<div class=\"content-col content-col-4\">\n<div class=\"featured-box\">\n<p><img loading=\"lazy\" decoding=\"async\" width=\"54\" height=\"54\" src=\"https:\/\/ai4ar.opi.org.pl\/wp-content\/uploads\/2022\/07\/icon-Opracowywanie-i-doskonalenie.svg\" class=\"attachment-54x0 size-54x0\" alt=\"Opracowywanie i doskonalenie\" \/> <\/p>\n<div class=\"text-align-center\">\n<p>Developing and improving AI algorithms<\/p>\n<\/div>\n<\/div>\n<\/div>\n<div class=\"content-col content-col-4\">\n<div class=\"featured-box\">\n<p><img loading=\"lazy\" decoding=\"async\" width=\"54\" height=\"54\" src=\"https:\/\/ai4ar.opi.org.pl\/wp-content\/uploads\/2022\/07\/icon-Stworzenie-systemu-raportowania.svg\" class=\"attachment-54x0 size-54x0\" alt=\"Stworzenie systemu raportowania\" \/> <\/p>\n<div class=\"text-align-center\">\n<p>Creation of a structured reporting system (learning platform)<\/p>\n<\/div>\n<\/div>\n<\/div>\n<\/div>\n<hr>\n<\/section>\n\n<section class=\"\">\n<div class=\"text-align-center\">\n<h2 class=\"uppercase\"><strong>PROJECT PARTNERS<\/strong><\/h2>\n<\/div>\n<hr>\n<div class=\"content-row\">\n<p><div class=\"content-col content-col-3\"><\/div>\n<div class=\"content-col content-col-3\">\n<p><a href=\"https:\/\/www.dco.com.pl\/\" class=\"external\"><img loading=\"lazy\" decoding=\"async\" width=\"80\" height=\"42\" src=\"https:\/\/ai4ar.opi.org.pl\/wp-content\/uploads\/2022\/07\/logo-doc@2x-300x157.png\" class=\"attachment-80x0 size-80x0\" alt=\"Dolno\u015bl\u0105skie Centrum Onkologii we Wroc\u0142awiu\" id=\"104660\" link=\"https:\/\/www.dco.com.pl\/\" srcset=\"https:\/\/ai4ar.opi.org.pl\/wp-content\/uploads\/2022\/07\/logo-doc@2x-300x157.png 300w, https:\/\/ai4ar.opi.org.pl\/wp-content\/uploads\/2022\/07\/logo-doc@2x.png 348w\" \/><\/a><\/p>\n<\/div>\n<div class=\"content-col content-col-3\">\n<p><a href=\"https:\/\/www.gov.pl\/web\/ncbr-en\" class=\"external\"><img loading=\"lazy\" decoding=\"async\" width=\"90\" height=\"29\" src=\"https:\/\/ai4ar.opi.org.pl\/wp-content\/uploads\/2022\/09\/NCBR_logo_PL_i_ENG_ncbr_en-416px-300x95.png\" class=\"attachment-90x0 size-90x0\" alt=\"\" id=\"105497\" link=\"https:\/\/www.gov.pl\/web\/ncbr-en\" srcset=\"https:\/\/ai4ar.opi.org.pl\/wp-content\/uploads\/2022\/09\/NCBR_logo_PL_i_ENG_ncbr_en-416px-300x95.png 300w, https:\/\/ai4ar.opi.org.pl\/wp-content\/uploads\/2022\/09\/NCBR_logo_PL_i_ENG_ncbr_en-416px-768x244.png 768w, https:\/\/ai4ar.opi.org.pl\/wp-content\/uploads\/2022\/09\/NCBR_logo_PL_i_ENG_ncbr_en-416px.png 867w\" \/><\/a><\/p>\n<\/div>\n<div class=\"content-col content-col-3\"><\/div>\n<\/p>\n<\/div>\n<\/section>\n\n\n","protected":false},"excerpt":{"rendered":"","protected":false},"author":2939166819,"featured_media":0,"parent":0,"menu_order":0,"comment_status":"closed","ping_status":"closed","template":"","meta":{"inline_featured_image":false,"footnotes":""},"class_list":["post-105272","page","type-page","status-publish","hentry"],"_links":{"self":[{"href":"https:\/\/ai4ar.opi.org.pl\/en\/wp-json\/wp\/v2\/pages\/105272","targetHints":{"allow":["GET"]}}],"collection":[{"href":"https:\/\/ai4ar.opi.org.pl\/en\/wp-json\/wp\/v2\/pages"}],"about":[{"href":"https:\/\/ai4ar.opi.org.pl\/en\/wp-json\/wp\/v2\/types\/page"}],"author":[{"embeddable":true,"href":"https:\/\/ai4ar.opi.org.pl\/en\/wp-json\/wp\/v2\/users\/2939166819"}],"replies":[{"embeddable":true,"href":"https:\/\/ai4ar.opi.org.pl\/en\/wp-json\/wp\/v2\/comments?post=105272"}],"version-history":[{"count":19,"href":"https:\/\/ai4ar.opi.org.pl\/en\/wp-json\/wp\/v2\/pages\/105272\/revisions"}],"predecessor-version":[{"id":105631,"href":"https:\/\/ai4ar.opi.org.pl\/en\/wp-json\/wp\/v2\/pages\/105272\/revisions\/105631"}],"wp:attachment":[{"href":"https:\/\/ai4ar.opi.org.pl\/en\/wp-json\/wp\/v2\/media?parent=105272"}],"curies":[{"name":"wp","href":"https:\/\/api.w.org\/{rel}","templated":true}]}}