{"id":105279,"date":"2022-07-04T22:45:26","date_gmt":"2022-07-04T22:45:26","guid":{"rendered":"https:\/\/ai4ar.opi.org.pl\/scientific-publications\/"},"modified":"2025-06-24T07:15:17","modified_gmt":"2025-06-24T07:15:17","slug":"scientific-publications","status":"publish","type":"page","link":"https:\/\/ai4ar.opi.org.pl\/en\/scientific-publications\/","title":{"rendered":"Scientific publications"},"content":{"rendered":"\n\n<section class=\"publikacje\">\n<div class=\"content-row\">\n<div class=\"content-col\">\n<div class=\"text-align-left\">\n<h3><strong>Will artificial intelligence help us diagnose prostate cancer?<\/strong><\/h3>\n<\/p>\n<\/div>\n<div class=\"featured-box\">\n<p><img loading=\"lazy\" decoding=\"async\" width=\"24\" height=\"24\" src=\"https:\/\/ai4ar.opi.org.pl\/wp-content\/uploads\/2022\/08\/user.png\" class=\"attachment-25x0 size-25x0\" alt=\"autor\" \/> <\/p>\n<div class=\"\">\n<p><strong>Dr Rafa\u0142 J\u00f3\u017awiak, Piotr Sobecki<\/strong><\/p>\n<\/div>\n<\/div>\n<div class=\"featured-box\">\n<p><img loading=\"lazy\" decoding=\"async\" width=\"24\" height=\"24\" src=\"https:\/\/ai4ar.opi.org.pl\/wp-content\/uploads\/2022\/08\/book.png\" class=\"attachment-25x0 size-25x0\" alt=\"tytu\u0142 publikacji\" \/> <\/p>\n<div class=\"\">\n<p><strong>2021 | PWN Nauka<\/strong><\/p>\n<\/div>\n<\/div>\n<div class=\"text-align-left\">\n<p style=\"padding-left: 40px;\">The National Information Processing Institute (OPI) has received funding to develop an innovative platform that facilitates prostate cancer diagnosis. The cutting-edge tool will rely on artificial intelligence (AI) to assist medical experts in implementing the most optimal therapies. Every year, 1.2 million people are diagnosed with prostate cancer; in Poland, it is the most common solid tumour among men. OPI&#8217;s innovative platform will help doctors reduce the time needed to identify prostate lesions and reduce the number of painful biopsies. The project has been funded by the INFOSTRATEG programme of the Polish National Centre for Research and Development (NCBR). OPI experts will consult the medical aspects of the project with a team of doctors at the Lower Silesian Oncology Centre in Wroc\u0142aw, Poland.<\/p>\n<\/div>\n<div class=\"link-box featured-box\">\n<p><img loading=\"lazy\" decoding=\"async\" width=\"20\" height=\"20\" src=\"https:\/\/ai4ar.opi.org.pl\/wp-content\/uploads\/2022\/08\/foreign-1.png\" class=\"attachment-20x0 size-20x0\" alt=\"link zewn\u0119trzny\" \/> <\/p>\n<div class=\"\">\n<p><a href=\"https:\/\/ai4ar.opi.org.pl\/wp-content\/uploads\/2022\/09\/pwn-nauka-artykul.pdf\" target=\"_blank\" rel=\"noopener\">Will artificial intelligence help us diagnose prostate cancer?<\/a><\/p>\n<\/div>\n<\/div>\n<\/div>\n<\/div>\n<hr>\n<p> [divider align=&#8221;center&#8221; width=&#8221;1200px&#8221; height=&#8221;4px&#8221;] <\/p>\n<hr>\n<div class=\"content-row\"><\/div>\n<\/section>\n\n","protected":false},"excerpt":{"rendered":"","protected":false},"author":2939166819,"featured_media":0,"parent":0,"menu_order":0,"comment_status":"closed","ping_status":"closed","template":"","meta":{"inline_featured_image":false,"footnotes":""},"class_list":["post-105279","page","type-page","status-publish","hentry"],"_links":{"self":[{"href":"https:\/\/ai4ar.opi.org.pl\/en\/wp-json\/wp\/v2\/pages\/105279","targetHints":{"allow":["GET"]}}],"collection":[{"href":"https:\/\/ai4ar.opi.org.pl\/en\/wp-json\/wp\/v2\/pages"}],"about":[{"href":"https:\/\/ai4ar.opi.org.pl\/en\/wp-json\/wp\/v2\/types\/page"}],"author":[{"embeddable":true,"href":"https:\/\/ai4ar.opi.org.pl\/en\/wp-json\/wp\/v2\/users\/2939166819"}],"replies":[{"embeddable":true,"href":"https:\/\/ai4ar.opi.org.pl\/en\/wp-json\/wp\/v2\/comments?post=105279"}],"version-history":[{"count":9,"href":"https:\/\/ai4ar.opi.org.pl\/en\/wp-json\/wp\/v2\/pages\/105279\/revisions"}],"predecessor-version":[{"id":105941,"href":"https:\/\/ai4ar.opi.org.pl\/en\/wp-json\/wp\/v2\/pages\/105279\/revisions\/105941"}],"wp:attachment":[{"href":"https:\/\/ai4ar.opi.org.pl\/en\/wp-json\/wp\/v2\/media?parent=105279"}],"curies":[{"name":"wp","href":"https:\/\/api.w.org\/{rel}","templated":true}]}}