{"id":105774,"date":"2022-12-01T13:05:12","date_gmt":"2022-12-01T13:05:12","guid":{"rendered":"https:\/\/ai4ar.opi.org.pl\/the-mpmri-database\/"},"modified":"2023-01-31T15:02:40","modified_gmt":"2023-01-31T15:02:40","slug":"the-mpmri-database","status":"publish","type":"page","link":"https:\/\/ai4ar.opi.org.pl\/en\/the-mpmri-database\/","title":{"rendered":"The mpMRI database"},"content":{"rendered":"\n\n\n<p class=\"has-text-align-center has-large-font-size\"><strong>The mpMRI database<\/strong><\/p>\n\n\n\n<h4 class=\"wp-block-heading\"><strong>Technical issues<\/strong><\/h4>\n\n\n\n<p>The imaging data was provided by the Lower Silesian Oncology, Pulmonology and Hematology Center (DCOPiH) in Wroc\u0142aw, Poland. The MRI scanner used at DCOPiH was a 1.5 T Siemens Avanto Fit. The following parameters were used:<\/p>\n\n\n\n<p><strong>T2W<\/strong><\/p>\n\n\n\n<p>Imaging planes: axial, sagittal, coronal<\/p>\n\n\n\n<p>Slice thickness: 3 mm<\/p>\n\n\n\n<p>Pole widzenia (FOV): od 19 do 25 cm (w zale\u017cno\u015bci od protoko\u0142u badania)<\/p>\n\n\n\n<p>In-plane resolution: voxel dimensions for the FOV of 19 cm are 0.7 x 0.7 x 3.0 mm<\/p>\n\n\n\n<p><strong>DWI<\/strong><\/p>\n\n\n\n<p>Imaging planes: axial<\/p>\n\n\n\n<p>Slice thickness: 4 mm<\/p>\n\n\n\n<p>Field of view (FOV): over 38 cm<\/p>\n\n\n\n<p>In-plane resolution: 2.3 x 2.3 x 4 mm<\/p>\n\n\n\n<p>Low b-value: 50<\/p>\n\n\n\n<p>Intermediate b-values: 400, 800<\/p>\n\n\n\n<p>High b-value: 1200<\/p>\n\n\n\n<p><strong>DCE<\/strong><\/p>\n\n\n\n<p>Imaging planes: axial<\/p>\n\n\n\n<p>Slice thickness: 2 mm<\/p>\n\n\n\n<p>Field of view (FOV): 20 cm<\/p>\n\n\n\n<p>In-plane resolution: 0.9 x 0.9 x 2 mm<\/p>\n\n\n\n<p>Temporal resolution: 1 min<\/p>\n\n\n\n<p>Total observation time: 6 min<\/p>\n\n\n\n<p>Dose of contrast: 0.1 mmol\/kg<\/p>\n\n\n\n<p>Injection rate: 2 cc\/s<\/p>\n\n\n\n<p>Fat suppression: yes<\/p>\n\n\n\n<h4 class=\"wp-block-heading\"><strong>Label procedures and label standards<\/strong><\/h4>\n\n\n\n<p>All scans were described independently by three professional radiologists, each of whom has a minimum of three years\u2019 experience in describing oncological mpMRI pelvis (prostate) scans and practical knowledge of the PI-RADS 2.1 standard. None of the radiologists had access to historical data&nbsp; (they did not know the patients&#8217; histories nor the locations of foci subject to fusion biopsy). The data was collected by a team of four radiologists.  <\/p>\n\n\n\n<h4 class=\"wp-block-heading\"><strong>Data standards<\/strong><\/h4>\n\n\n\n<p>The dataset consists of:<\/p>\n\n\n\n<ul class=\"wp-block-list\">\n<li>source images in the form of DICOM files that contain eleven sequences T2W (axial, sagittal, and coronal), ADC, DWI (high b-value), and DCE (six time points)<\/li>\n\n\n\n<li>prostate area anatomical labels (Anatomical_Labels)<ul><li>anterior fibromuscular stroma (afs)<\/li><\/ul><ul><li>central zone (cz)<\/li><\/ul><ul><li>prostate gland (pg)<\/li><\/ul><ul><li>peripheral zone (pz)<\/li><\/ul><ul><li>left seminal vesicles (sv_l)<\/li><\/ul><ul><li>right seminal vesicles (sv_r)<\/li><\/ul><ul><li>transition zone (tz)<\/li><\/ul>\n<ul class=\"wp-block-list\">\n<li>urethra (&nbsp;ur)<\/li>\n<\/ul>\n<\/li>\n\n\n\n<li>lesion area labels (Lesion_Labels)\n<ul class=\"wp-block-list\">\n<li>lesion1\u2013lesion4 (depending on the number of foci in a scan)<\/li>\n<\/ul>\n<\/li>\n<\/ul>\n\n\n\n<p>The data is collected and organised in catalogues whose subfolders correspond to specific data types (imaging data, anatomical labels, and lesion labels) and to numbers of consecutive scans. The lesion label data is additionally arranged into subfolders, where the&nbsp; information on lesion types and sequence types to which specific labels pertain is stored All lesion labels provided by the radiologists who detected the lesions are available.<\/p>\n\n\n\n<p>Two data representation standards were developed:<\/p>\n\n\n\n<ul class=\"wp-block-list\">\n<li>DICOM\u2014imaging data is in the form of original DICOM files; visual labels are converted to the DICOM SEG standard<\/li>\n\n\n\n<li>MHA\/ NIfTI\u2014imaging data is converted to ITK MetaImage (.mha) files; visual labels are converted to NIfTI (.nii) The two data structures are presented in the&nbsp; figure below. <\/li>\n<\/ul>\n\n\n\n<p>The two data structures are presented in the figure below.<\/p>\n\n\n\n<figure class=\"wp-block-image size-full\"><img loading=\"lazy\" decoding=\"async\" width=\"1003\" height=\"872\" src=\"https:\/\/ai4ar.opi.org.pl\/wp-content\/uploads\/2022\/12\/image.png\" alt=\"\" class=\"wp-image-105697\" srcset=\"https:\/\/ai4ar.opi.org.pl\/wp-content\/uploads\/2022\/12\/image.png 1003w, https:\/\/ai4ar.opi.org.pl\/wp-content\/uploads\/2022\/12\/image-300x261.png 300w, https:\/\/ai4ar.opi.org.pl\/wp-content\/uploads\/2022\/12\/image-768x668.png 768w\" sizes=\"auto, (max-width: 1003px) 100vw, 1003px\" \/><figcaption class=\"wp-element-caption\">The DICOM\/DICOM SEG data structure.<\/figcaption><\/figure>\n\n\n\n<figure class=\"wp-block-image size-full\"><img loading=\"lazy\" decoding=\"async\" width=\"1003\" height=\"872\" src=\"https:\/\/ai4ar.opi.org.pl\/wp-content\/uploads\/2022\/12\/image-1.png\" alt=\"\" class=\"wp-image-105699\" srcset=\"https:\/\/ai4ar.opi.org.pl\/wp-content\/uploads\/2022\/12\/image-1.png 1003w, https:\/\/ai4ar.opi.org.pl\/wp-content\/uploads\/2022\/12\/image-1-300x261.png 300w, https:\/\/ai4ar.opi.org.pl\/wp-content\/uploads\/2022\/12\/image-1-768x668.png 768w\" sizes=\"auto, (max-width: 1003px) 100vw, 1003px\" \/><figcaption class=\"wp-element-caption\">The mha\/ NIfTI data structure.<\/figcaption><\/figure>\n\n\n\n<p>The database contains outlines traced by all of the radiologists. That is why each lesion has up to three unique outlines in all sequences (radiologists can be identified by the names of the lesion label files, which contain their unique radiologist IDs). The database is possibly the only mpMRI prostate database that contains lesion outlines traced by multiple experts. Various lesion outlines can be used to augment data in model learning naturally.<\/p>\n\n\n\n<p>The medical data collected to populate the database is characterised by a wide range of clinical variables that could define their degree of clinical relevance (GS value, ISUP group, number and&nbsp;length of sections sampled for examination, number and length of sections affected by lesions, prostate volume, PSA density, EUA risk groups, etc.). This provides much-needed flexibility in the selection of subsets that include various criteria for lesions\u2019 clinical relevance.<\/p>\n\n\n\n<p>DCOPiH conducts histopathological examination according to the standards of the Polish Society of Pathologists. Malignancy levels are determined based on the Gleason and WHO\/ISUP grading systems; for specific patients, however, they are determined based on the overall results for all biopsy samples.<\/p>\n\n\n\n<p>Due to the size of the data, all of it has been divided into smaller data packages in the form of zip files. Smaller packages may facilitate the downloading of the data considerably.<\/p>\n\n\n\n<h3 class=\"wp-block-heading\"><strong>Dataset characteristics<\/strong><\/h3>\n\n\n\n<figure class=\"wp-block-table\"><table><tbody><tr><td><strong>Patients<\/strong><\/td><\/tr><tr><td>Number of cases<\/td><td>503<\/td><\/tr><tr><td>&#8211; with reliable signs and symptoms<\/td><td>379<\/td><\/tr><tr><td>&#8211; with negative biopsy results (or no biopsy)<\/td><td>197<\/td><\/tr><tr><td>&#8211; with positive biopsy results<\/td><td>182<\/td><\/tr><tr><td>&#8211; ISUP 1<\/td><td>79 (43%)<\/td><\/tr><tr><td>&#8211; ISUP 2<\/td><td>51 (28%)<\/td><\/tr><tr><td>&#8211; ISUP 3<\/td><td>37 (20%)<\/td><\/tr><tr><td>&#8211; ISUP 4<\/td><td>9 (5%)<\/td><\/tr><tr><td>&#8211; ISUP 5<\/td><td>6 (3%)<\/td><\/tr><tr><td>&#8211; with limited signs and symptoms<\/td><td>124<\/td><\/tr><tr><td>Age median<\/td><td>68<\/td><\/tr><tr><td>PSA median<\/td><td>7.71<\/td><\/tr><tr><td>MRI prostate volume median<\/td><td>48.51<\/td><\/tr><\/tbody><\/table><\/figure>\n\n\n\n<figure class=\"wp-block-table\"><table><tbody><tr><td><strong>Lesions<\/strong><\/td><\/tr><tr><td>Number of lesions recorded<\/td><td>393<\/td><\/tr><tr><td>Zone<\/td><td>&nbsp;<\/td><\/tr><tr><td>TZ<\/td><td>205<\/td><\/tr><tr><td>PZ<\/td><td>188<\/td><\/tr><tr><td>PI-RADS<\/td><td>&nbsp;<\/td><\/tr><tr><td>2<\/td><td>19<\/td><\/tr><tr><td>3<\/td><td>61<\/td><\/tr><tr><td>4<\/td><td>134<\/td><\/tr><tr><td>5<\/td><td>178<\/td><\/tr><\/tbody><\/table><\/figure>\n\n\n\n<h4 class=\"wp-block-heading\"><strong>Downloadable files\u2014data(<strong>last modified on 5 December, 2022<\/strong>):<\/strong><\/h4>\n\n\n\n<p><strong>Note: <\/strong>The files below are multi-part zip files (each file is a part of an archive). Save all of the files in the same folder and unpack them using 7-Zip.  <\/p>\n\n\n\n<p>DICOM\/DICOM SEG data: <a href=\"https:\/\/opiorgpl-my.sharepoint.com\/:u:\/g\/personal\/jakub_mitura_opi_org_pl\/ERyVdhUi6r5Mp1zKNaLqLwEBzEeKGRDU7stbpfiZWMw7xA?e=hqNm0V\" class=\"external\">AI4AR_dicom.zip<\/a>, <a href=\"https:\/\/opiorgpl-my.sharepoint.com\/:u:\/g\/personal\/jakub_mitura_opi_org_pl\/EdsIk7nMsB5Cv2Ua2HGrBjkBwVM-z2cMlbZVgrIGwvMeUw?e=1pW2pC\" data-type=\"URL\" data-id=\"https:\/\/opiorgpl-my.sharepoint.com\/:u:\/g\/personal\/jakub_mitura_opi_org_pl\/EdsIk7nMsB5Cv2Ua2HGrBjkBwVM-z2cMlbZVgrIGwvMeUw?e=1pW2pC\" class=\"external\">z01.zip<\/a>, <a href=\"https:\/\/opiorgpl-my.sharepoint.com\/:u:\/g\/personal\/jakub_mitura_opi_org_pl\/EbZrUKA1S5FGnZbaQRXaeEsBQ34TIYy85a0HQNe4ptogfw?e=Dpv5kJ\" class=\"external\">z02.zip<\/a>, <a href=\"https:\/\/opiorgpl-my.sharepoint.com\/:u:\/g\/personal\/jakub_mitura_opi_org_pl\/EWGY0eiiij5OuLvS6ewL4TUB40ms6CP9gDhCWI0h7-9PlQ?e=rwECJz\" class=\"external\">z03.zip<\/a>, <a href=\"https:\/\/opiorgpl-my.sharepoint.com\/:u:\/g\/personal\/jakub_mitura_opi_org_pl\/EQsPAWZXzVdJuLVW4Sq301gBAEJnOmkdX_2LA_FAfd6FLg?e=xZ4rlp\" class=\"external\">z04.zip<\/a>, <a href=\"https:\/\/opiorgpl-my.sharepoint.com\/:u:\/g\/personal\/jakub_mitura_opi_org_pl\/EY8FvsifTTFLqLRvo-wq1FcBL5wSdfikw_sXAnKRRFgx7Q?e=t3wr0b\" class=\"external\">z05.zip<\/a>, <a href=\"https:\/\/opiorgpl-my.sharepoint.com\/:u:\/g\/personal\/jakub_mitura_opi_org_pl\/EU_twffUnX9Eijs3lngWO3YB3yCnQ07ovhKmAq-j6mDSgA?e=vOc3bp\" class=\"external\">z06.zip<\/a>, <a href=\"https:\/\/opiorgpl-my.sharepoint.com\/:u:\/g\/personal\/jakub_mitura_opi_org_pl\/EYtogGOP0exOoaIU7ZFJqR4BdD-y6UqjZC_TmS8Rn-iOJA?e=OW1BBw\" class=\"external\">z07.zip<\/a>, <a href=\"https:\/\/opiorgpl-my.sharepoint.com\/:u:\/g\/personal\/jakub_mitura_opi_org_pl\/EaDT31R76cFDtOQPgEei8VkBZ_AEoJvWdO1vtje1XdXTBw?e=9MnhQs\" class=\"external\">z08.zip<\/a>, <a href=\"https:\/\/opiorgpl-my.sharepoint.com\/:u:\/g\/personal\/jakub_mitura_opi_org_pl\/EdL4OqkcU3VPkk3l2xFRG4cBbZ8JYbILG3V72DjowleJiw?e=AgXlhI\" class=\"external\">z09.zip<\/a>, <a href=\"https:\/\/opiorgpl-my.sharepoint.com\/:u:\/g\/personal\/jakub_mitura_opi_org_pl\/EejjSpbg3zlBoqiBTBIpsEYBJWqGt8QxlkMoegRHpzE-5w?e=HAw4bH\" class=\"external\">z10.zip<\/a>, <a href=\"https:\/\/opiorgpl-my.sharepoint.com\/:u:\/g\/personal\/jakub_mitura_opi_org_pl\/EWb4uV8Q5Y9MmMoaBRbEBqcBoEP-T-hi9Y9aQCBmQZPSDQ?e=dXccZ9\" class=\"external\">z11.zip<\/a>, <a href=\"https:\/\/opiorgpl-my.sharepoint.com\/:u:\/g\/personal\/jakub_mitura_opi_org_pl\/ETaW5Y6bM5ZIkOnXanKMUvgBh0AVazy3Rv5mEtB_ZIrCqA?e=raghsy\" data-type=\"URL\" data-id=\"https:\/\/opiorgpl-my.sharepoint.com\/:u:\/g\/personal\/jakub_mitura_opi_org_pl\/ETaW5Y6bM5ZIkOnXanKMUvgBh0AVazy3Rv5mEtB_ZIrCqA?e=raghsy\" class=\"external\">z12.zip<\/a>, <a href=\"https:\/\/opiorgpl-my.sharepoint.com\/:u:\/g\/personal\/jakub_mitura_opi_org_pl\/EWdetZzV8npJmtLgKjzDWNwBHNnhtOLZ8uFc45OeCT89Lg?e=QxCqk5\" data-type=\"URL\" data-id=\"https:\/\/opiorgpl-my.sharepoint.com\/:u:\/g\/personal\/jakub_mitura_opi_org_pl\/EWdetZzV8npJmtLgKjzDWNwBHNnhtOLZ8uFc45OeCT89Lg?e=QxCqk5\" class=\"external\">z13.zip<\/a>, <a href=\"https:\/\/opiorgpl-my.sharepoint.com\/:u:\/g\/personal\/jakub_mitura_opi_org_pl\/EWLBABS4MgZMssfcFTg4zH0BXQaIjoV9mVazhQUwL-2MDw?e=i4AB98\" class=\"external\">z14.zip<\/a><\/p>\n\n\n\n<p>MHA\/NIfTI data: <a href=\"https:\/\/opiorgpl-my.sharepoint.com\/:u:\/g\/personal\/jakub_mitura_opi_org_pl\/ETRf-IJ0PcNCpZeuwm6zu5MBoy9KIxMyr2Iyz3eQNsHxxg?e=huFM9S\" class=\"external\">AI4AR_cont.zip<\/a>, <a href=\"https:\/\/opiorgpl-my.sharepoint.com\/:u:\/g\/personal\/jakub_mitura_opi_org_pl\/EZs0swiCtTZIsUW11YQd2KsBUxBbKAmJeZ6AHHPUPkf09A?e=AISev7\" class=\"external\">z01.zip<\/a>, <a href=\"https:\/\/opiorgpl-my.sharepoint.com\/:u:\/g\/personal\/jakub_mitura_opi_org_pl\/Eed1t9bDZ8dGmdwKwvf0y5oBpgRRVpjIB3BuhQBd7lTKNQ?e=ZYGadi\" class=\"external\">z02.zip<\/a>, <a href=\"https:\/\/opiorgpl-my.sharepoint.com\/:u:\/g\/personal\/jakub_mitura_opi_org_pl\/EcRxyp0ndt9KorYhZQg-X9AB3aMGgvP1n9xzvxeBCm6R1Q?e=14hKhk\" class=\"external\">z03.zip<\/a>, <a href=\"https:\/\/opiorgpl-my.sharepoint.com\/:u:\/g\/personal\/jakub_mitura_opi_org_pl\/EW9Q7cMUg3pFruQ-2AqcmwkBanXxZgDEsCvwQ1O2840sOQ?e=fEp0bq\" class=\"external\">z04.zip<\/a>, <a href=\"https:\/\/opiorgpl-my.sharepoint.com\/:u:\/g\/personal\/jakub_mitura_opi_org_pl\/ERoYVMzomsJGqDmneO9eyk4B8glYQs1bziKyofbQ9OsNWg?e=94NNeS\" class=\"external\">z05.zip<\/a>, <a href=\"https:\/\/opiorgpl-my.sharepoint.com\/:u:\/g\/personal\/jakub_mitura_opi_org_pl\/EehawLuVMqZPj_r0yFYXnWUB2cYg4fWqmEg5NnICs9Wt-w?e=WOaNv1\" class=\"external\">z06.zip<\/a>, <a href=\"https:\/\/opiorgpl-my.sharepoint.com\/:u:\/g\/personal\/jakub_mitura_opi_org_pl\/EUieN8vExIdMkhSEB8QJVpwB6BCeC9cp4AwQUy9ZgzW6_Q?e=GFwHOE\" class=\"external\">z07.zip<\/a>, <a href=\"https:\/\/opiorgpl-my.sharepoint.com\/:u:\/g\/personal\/jakub_mitura_opi_org_pl\/EY4CTgMw5Y9ChUGW9HhAeRcBBwIoHu5IU6VzQ02F-H8I2A?e=0GQd0G\" class=\"external\">z08.zip<\/a>, <a href=\"https:\/\/opiorgpl-my.sharepoint.com\/:u:\/g\/personal\/jakub_mitura_opi_org_pl\/EacUFZYzh7NGita7f2VsEzwB_9wyu_Kl_luQ8vJo6BArtw?e=bTO51H\" data-type=\"URL\" data-id=\"https:\/\/opiorgpl-my.sharepoint.com\/:u:\/g\/personal\/jakub_mitura_opi_org_pl\/EacUFZYzh7NGita7f2VsEzwB_9wyu_Kl_luQ8vJo6BArtw?e=bTO51H\" class=\"external\">z09.zip<\/a><\/p>\n\n\n\n<h4 class=\"wp-block-heading\"><strong>Downloadable files\u2014description (last modified on 1 December 2022):<\/strong><\/h4>\n\n\n\n<p><a href=\"https:\/\/ai4ar.opi.org.pl\/wp-content\/uploads\/2022\/12\/opis-medyczno-radiologiczny.pdf\">Medical and radiological description<\/a><\/p>\n\n\n\n<p><a href=\"https:\/\/ai4ar.opi.org.pl\/wp-content\/uploads\/2022\/12\/AI4A4_PCa_clinical.csv\">Clinical data<\/a><\/p>\n\n\n\n<p><a href=\"https:\/\/ai4ar.opi.org.pl\/wp-content\/uploads\/2022\/12\/AI4AR_PCa_radiological.csv\">Radiological data<\/a><\/p>\n\n\n\n<h4 class=\"wp-block-heading\"><strong>License<\/strong><\/h4>\n\n\n\n<p>The dataset is available to the public free of charge on the project website (<a href=\"https:\/\/ai4ar.opi.org.pl\/en\/\">https:\/\/ai4ar.opi.org.pl<\/a>) under the <a rel=\"noreferrer noopener\" href=\"http:\/\/www.creativecommons.org\" target=\"_blank\" class=\"external\">Creative Commons Corporation\u2019s Attribution 4.0 International<\/a> license.<\/p>\n\n\n\n<h4 class=\"wp-block-heading\"><strong>Dataset management<\/strong><\/h4>\n\n\n\n<p>Laboratory of Applied Artificial Intelligence, the National Information Processing Institute, Warsaw, Poland<\/p>\n\n\n\n<h4 class=\"wp-block-heading\"><strong>Contact<\/strong><\/h4>\n\n\n\n<p>Dr Rafa\u0142 J\u00f3\u017awiak \u2013 <a href=\"mailto:Rafal.Jozwiak@opi.org.pl\">Rafal.Jozwiak@opi.org.pl<\/a>  <\/p>\n\n\n\n<p>Dr Jakub Mitura, M.D. \u2013 <a href=\"mailto:Jakub.Mitura@opi.org.pl\">Jakub.Mitura@opi.org.pl<\/a>  <\/p>\n\n\n\n<hr class=\"wp-block-separator has-alpha-channel-opacity\">\n\n\n\n<p><\/p>\n","protected":false},"excerpt":{"rendered":"<p>The mpMRI database Technical issues The imaging data was provided by the Lower Silesian Oncology, Pulmonology and Hematology Center (DCOPiH) in Wroc\u0142aw, Poland. The MRI scanner used at DCOPiH was a 1.5 T Siemens Avanto Fit. The following parameters were used: T2W Imaging planes: axial, sagittal, coronal Slice thickness: 3 mm Pole widzenia (FOV): od&hellip;<\/p>\n","protected":false},"author":8,"featured_media":0,"parent":0,"menu_order":0,"comment_status":"closed","ping_status":"closed","template":"","meta":{"inline_featured_image":false,"footnotes":""},"class_list":["post-105774","page","type-page","status-publish","hentry"],"_links":{"self":[{"href":"https:\/\/ai4ar.opi.org.pl\/en\/wp-json\/wp\/v2\/pages\/105774","targetHints":{"allow":["GET"]}}],"collection":[{"href":"https:\/\/ai4ar.opi.org.pl\/en\/wp-json\/wp\/v2\/pages"}],"about":[{"href":"https:\/\/ai4ar.opi.org.pl\/en\/wp-json\/wp\/v2\/types\/page"}],"author":[{"embeddable":true,"href":"https:\/\/ai4ar.opi.org.pl\/en\/wp-json\/wp\/v2\/users\/8"}],"replies":[{"embeddable":true,"href":"https:\/\/ai4ar.opi.org.pl\/en\/wp-json\/wp\/v2\/comments?post=105774"}],"version-history":[{"count":2,"href":"https:\/\/ai4ar.opi.org.pl\/en\/wp-json\/wp\/v2\/pages\/105774\/revisions"}],"predecessor-version":[{"id":105776,"href":"https:\/\/ai4ar.opi.org.pl\/en\/wp-json\/wp\/v2\/pages\/105774\/revisions\/105776"}],"wp:attachment":[{"href":"https:\/\/ai4ar.opi.org.pl\/en\/wp-json\/wp\/v2\/media?parent=105774"}],"curies":[{"name":"wp","href":"https:\/\/api.w.org\/{rel}","templated":true}]}}